{"id":117,"date":"2016-01-18T16:39:39","date_gmt":"2016-01-18T15:39:39","guid":{"rendered":"http:\/\/www.elowprod.com\/?page_id=117"},"modified":"2016-01-18T16:39:39","modified_gmt":"2016-01-18T15:39:39","slug":"elow-production","status":"publish","type":"page","link":"http:\/\/www.elowprod.com\/?page_id=117","title":{"rendered":"ELOW PRODUCTION"},"content":{"rendered":"<div>\n<h2>Pour nous, un film doit \u00eatre inoubliable, innovant et intelligent!<\/h2>\n<\/div>\n<div>\n<div>Inspir\u00e9es et cr\u00e9atives, nos r\u00e9alisations r\u00e9pondent aux besoins et attentes exprim\u00e9es, modes de diffusion, et consommations de m\u00e9dia vid\u00e9o.<\/div>\n<div><\/div>\n<ul>\n<li>Teasers<\/li>\n<li>clips vid\u00e9os\/highlights<\/li>\n<li>reportages<\/li>\n<li>webdoc<\/li>\n<li>interface multi-entr\u00e9es<\/li>\n<li>\u00e9talonage\/montage sp\u00e9cifique<\/li>\n<li>animation de logos 2D 3D<\/li>\n<\/ul>\n<\/div>\n","protected":false},"excerpt":{"rendered":"<p>Pour nous, un film doit \u00eatre inoubliable, innovant et intelligent! Inspir\u00e9es et cr\u00e9atives, nos r\u00e9alisations r\u00e9pondent aux besoins et attentes exprim\u00e9es, modes de diffusion, et consommations de m\u00e9dia vid\u00e9o. Teasers clips vid\u00e9os\/highlights reportages webdoc interface multi-entr\u00e9es \u00e9talonage\/montage sp\u00e9cifique animation de logos 2D 3D<\/p>\n","protected":false},"author":1,"featured_media":0,"parent":0,"menu_order":0,"comment_status":"closed","ping_status":"closed","template":"","meta":{"footnotes":""},"class_list":["post-117","page","type-page","status-publish","hentry"],"_links":{"self":[{"href":"http:\/\/www.elowprod.com\/index.php?rest_route=\/wp\/v2\/pages\/117","targetHints":{"allow":["GET"]}}],"collection":[{"href":"http:\/\/www.elowprod.com\/index.php?rest_route=\/wp\/v2\/pages"}],"about":[{"href":"http:\/\/www.elowprod.com\/index.php?rest_route=\/wp\/v2\/types\/page"}],"author":[{"embeddable":true,"href":"http:\/\/www.elowprod.com\/index.php?rest_route=\/wp\/v2\/users\/1"}],"replies":[{"embeddable":true,"href":"http:\/\/www.elowprod.com\/index.php?rest_route=%2Fwp%2Fv2%2Fcomments&post=117"}],"version-history":[{"count":1,"href":"http:\/\/www.elowprod.com\/index.php?rest_route=\/wp\/v2\/pages\/117\/revisions"}],"predecessor-version":[{"id":118,"href":"http:\/\/www.elowprod.com\/index.php?rest_route=\/wp\/v2\/pages\/117\/revisions\/118"}],"wp:attachment":[{"href":"http:\/\/www.elowprod.com\/index.php?rest_route=%2Fwp%2Fv2%2Fmedia&parent=117"}],"curies":[{"name":"wp","href":"https:\/\/api.w.org\/{rel}","templated":true}]}}